{"id":8661,"date":"2025-01-03T01:14:00","date_gmt":"2025-01-02T18:14:00","guid":{"rendered":"https:\/\/newviet.vn\/product\/sauvignon-blanc-fat-bastard-white\/"},"modified":"2025-03-21T11:43:07","modified_gmt":"2025-03-21T04:43:07","slug":"sauvignon-blanc-fat-bastard-white","status":"publish","type":"product","link":"https:\/\/newviet.vn\/en\/product\/sauvignon-blanc-fat-bastard-white\/","title":{"rendered":"Sauvignon Blanc Fat Bastard White"},"content":{"rendered":"<p>(Sauvignon Blanc Fat Bastard White) R\u01b0\u1ee3u vang tr\u1eafng Sauvignon Blanc Fat Bastard \u0111\u01b0\u1ee3c t\u1ea1o ra t\u1eeb nh\u1eefng tr\u00e1i nho t\u1ed1t nh\u1ea5t \u0111\u01b0\u1ee3c thu ho\u1ea1ch v\u00e0o bu\u1ed5i s\u00e1ng s\u1edbm, \u0111\u1ea3m b\u1ea3o gi\u1eef \u0111\u01b0\u1ee3c h\u01b0\u01a1ng th\u01a1m v\u00e0 h\u01b0\u01a1ng v\u1ecb t\u01b0\u01a1i m\u1edbi. V\u1edbi s\u1ef1 pha tr\u1ed9n ho\u00e0n h\u1ea3o, r\u01b0\u1ee3u mang \u0111\u1ebfn m\u1ed9t c\u1ea5u tr\u00fac tuy\u1ec7t v\u1eddi v\u00e0 nhi\u1ec1u l\u1edbp h\u01b0\u01a1ng v\u1ecb tr\u00e1i c\u00e2y nhi\u1ec7t \u0111\u1edbi. \u0110\u1ed9 axit t\u01b0\u01a1i m\u00e1t k\u00e9o d\u00e0i, t\u1ea1o n\u00ean m\u1ed9t k\u1ebft th\u00fac th\u1ecfa m\u00e3n v\u00e0 kh\u00f3 qu\u00ean.<\/p>\n","protected":false},"excerpt":{"rendered":"<p>(Sauvignon Blanc Fat Bastard White) R\u01b0\u1ee3u vang tr\u1eafng Sauvignon Blanc Fat Bastard \u0111\u01b0\u1ee3c t\u1ea1o ra t\u1eeb nh\u1eefng tr\u00e1i nho t\u1ed1t nh\u1ea5t \u0111\u01b0\u1ee3c thu ho\u1ea1ch v\u00e0o bu\u1ed5i s\u00e1ng s\u1edbm, \u0111\u1ea3m b\u1ea3o gi\u1eef \u0111\u01b0\u1ee3c h\u01b0\u01a1ng th\u01a1m v\u00e0 h\u01b0\u01a1ng v\u1ecb t\u01b0\u01a1i m\u1edbi. V\u1edbi s\u1ef1 pha tr\u1ed9n ho\u00e0n h\u1ea3o, r\u01b0\u1ee3u mang \u0111\u1ebfn m\u1ed9t c\u1ea5u tr\u00fac tuy\u1ec7t v\u1eddi v\u00e0 nhi\u1ec1u [&hellip;]<\/p>\n","protected":false},"featured_media":8356,"menu_order":557,"comment_status":"closed","ping_status":"closed","template":"","meta":{"_acf_changed":false},"product_cat":[704],"product_tag":[],"class_list":{"0":"post-8661","1":"product","2":"type-product","3":"status-publish","4":"has-post-thumbnail","6":"product_cat-white-wine","7":"pa_brand-fat-bastard-en","9":"first","10":"instock","11":"purchasable","12":"product-type-variable","13":"has-default-attributes"},"acf":[],"_links":{"self":[{"href":"https:\/\/newviet.vn\/en\/wp-json\/wp\/v2\/product\/8661","targetHints":{"allow":["GET"]}}],"collection":[{"href":"https:\/\/newviet.vn\/en\/wp-json\/wp\/v2\/product"}],"about":[{"href":"https:\/\/newviet.vn\/en\/wp-json\/wp\/v2\/types\/product"}],"replies":[{"embeddable":true,"href":"https:\/\/newviet.vn\/en\/wp-json\/wp\/v2\/comments?post=8661"}],"wp:featuredmedia":[{"embeddable":true,"href":"https:\/\/newviet.vn\/en\/wp-json\/wp\/v2\/media\/8356"}],"wp:attachment":[{"href":"https:\/\/newviet.vn\/en\/wp-json\/wp\/v2\/media?parent=8661"}],"wp:term":[{"taxonomy":"product_cat","embeddable":true,"href":"https:\/\/newviet.vn\/en\/wp-json\/wp\/v2\/product_cat?post=8661"},{"taxonomy":"product_tag","embeddable":true,"href":"https:\/\/newviet.vn\/en\/wp-json\/wp\/v2\/product_tag?post=8661"}],"curies":[{"name":"wp","href":"https:\/\/api.w.org\/{rel}","templated":true}]}}