{"id":8623,"date":"2025-01-03T07:34:00","date_gmt":"2025-01-03T00:34:00","guid":{"rendered":"https:\/\/newviet.vn\/product\/chateau-des-landes-cuvee-prestige-lussac-saint-emilion\/"},"modified":"2025-03-20T13:38:27","modified_gmt":"2025-03-20T06:38:27","slug":"chateau-des-landes-cuvee-prestige-lussac-saint-emilion","status":"publish","type":"product","link":"https:\/\/newviet.vn\/en\/product\/chateau-des-landes-cuvee-prestige-lussac-saint-emilion-red\/","title":{"rendered":"Ch\u00e2teau Des Landes &#8220;Cuv\u00e9e Prestige&#8221; Lussac Saint-\u00c9milion Red"},"content":{"rendered":"<p>Ch\u00e2teau des Landes &#8220;Cuv\u00e9e Prestige&#8221; Lussac Saint-\u00c9milion is a premium red wine with a rich and vibrant dark red color. Its complex flavor profile offers a perfect harmony between black fruit notes, such as raspberry and ripe cherry, complemented by hints of spice and sweet brioche. Aged in oak barrels, the wine develops smooth, deep tannins, delivering a full-bodied, rounded experience on the palate.<\/p>\n","protected":false},"excerpt":{"rendered":"<p>Ch\u00e2teau des Landes &#8220;Cuv\u00e9e Prestige&#8221; Lussac Saint-\u00c9milion is a premium red wine with a rich and vibrant dark red color. Its complex flavor profile offers a perfect harmony between black fruit notes, such as raspberry and ripe cherry, complemented by hints of spice and sweet brioche. Aged in oak barrels, the wine develops smooth, deep [&hellip;]<\/p>\n","protected":false},"featured_media":8238,"menu_order":406,"comment_status":"closed","ping_status":"closed","template":"","meta":{"_acf_changed":false},"product_cat":[705],"product_tag":[],"class_list":{"0":"post-8623","1":"product","2":"type-product","3":"status-publish","4":"has-post-thumbnail","6":"product_cat-red-wine","7":"pa_brand-lassagne-en","9":"first","10":"instock","11":"purchasable","12":"product-type-variable","13":"has-default-attributes"},"acf":[],"_links":{"self":[{"href":"https:\/\/newviet.vn\/en\/wp-json\/wp\/v2\/product\/8623","targetHints":{"allow":["GET"]}}],"collection":[{"href":"https:\/\/newviet.vn\/en\/wp-json\/wp\/v2\/product"}],"about":[{"href":"https:\/\/newviet.vn\/en\/wp-json\/wp\/v2\/types\/product"}],"replies":[{"embeddable":true,"href":"https:\/\/newviet.vn\/en\/wp-json\/wp\/v2\/comments?post=8623"}],"wp:featuredmedia":[{"embeddable":true,"href":"https:\/\/newviet.vn\/en\/wp-json\/wp\/v2\/media\/8238"}],"wp:attachment":[{"href":"https:\/\/newviet.vn\/en\/wp-json\/wp\/v2\/media?parent=8623"}],"wp:term":[{"taxonomy":"product_cat","embeddable":true,"href":"https:\/\/newviet.vn\/en\/wp-json\/wp\/v2\/product_cat?post=8623"},{"taxonomy":"product_tag","embeddable":true,"href":"https:\/\/newviet.vn\/en\/wp-json\/wp\/v2\/product_tag?post=8623"}],"curies":[{"name":"wp","href":"https:\/\/api.w.org\/{rel}","templated":true}]}}