{"id":8613,"date":"2025-01-03T09:24:00","date_gmt":"2025-01-03T02:24:00","guid":{"rendered":"https:\/\/newviet.vn\/product\/alain-jaume-grand-reserve-cotes-du-rhone-red\/"},"modified":"2025-03-20T13:26:16","modified_gmt":"2025-03-20T06:26:16","slug":"alain-jaume-grand-reserve-cotes-du-rhone-red","status":"publish","type":"product","link":"https:\/\/newviet.vn\/en\/product\/alain-jaume-grand-reserve-cotes-du-rhone-red\/","title":{"rendered":"Alain Jaume Grand Reserve C\u00f4tes Du Rhone Red"},"content":{"rendered":"<p>Alain Jaume C\u00f4tes du Rh\u00f4ne Reserve is crafted from grapes grown on various soil types, predominantly from limestone terraces with sand and red clay. The vineyards are treated with organic plant fertilizers, and the grapes are hand-harvested. This gives the wine its characteristic richness and complexity, typical of the Mediterranean style. The blend of Grenache noir, Syrah, Cinsault, and Mourv\u00e8dre, along with traditional aging methods, creates a deep ruby color and a bouquet of fresh berries (wild raspberries, black grapes, blackberries) and spices. On the palate, it is full-bodied and powerful, with a smooth tannin structure and a soft finish. A hint of licorice and black pepper lingers, offering a wonderfully complex C\u00f4tes du Rh\u00f4ne experience.<\/p>\n","protected":false},"excerpt":{"rendered":"<p>Alain Jaume C\u00f4tes du Rh\u00f4ne Reserve is crafted from grapes grown on various soil types, predominantly from limestone terraces with sand and red clay. The vineyards are treated with organic plant fertilizers, and the grapes are hand-harvested. This gives the wine its characteristic richness and complexity, typical of the Mediterranean style. The blend of Grenache [&hellip;]<\/p>\n","protected":false},"featured_media":8212,"menu_order":361,"comment_status":"closed","ping_status":"closed","template":"","meta":{"_acf_changed":false},"product_cat":[705],"product_tag":[],"class_list":{"0":"post-8613","1":"product","2":"type-product","3":"status-publish","4":"has-post-thumbnail","6":"product_cat-red-wine","7":"pa_brand-alain-jaume-en","9":"first","10":"instock","11":"purchasable","12":"product-type-variable","13":"has-default-attributes"},"acf":[],"_links":{"self":[{"href":"https:\/\/newviet.vn\/en\/wp-json\/wp\/v2\/product\/8613","targetHints":{"allow":["GET"]}}],"collection":[{"href":"https:\/\/newviet.vn\/en\/wp-json\/wp\/v2\/product"}],"about":[{"href":"https:\/\/newviet.vn\/en\/wp-json\/wp\/v2\/types\/product"}],"replies":[{"embeddable":true,"href":"https:\/\/newviet.vn\/en\/wp-json\/wp\/v2\/comments?post=8613"}],"wp:featuredmedia":[{"embeddable":true,"href":"https:\/\/newviet.vn\/en\/wp-json\/wp\/v2\/media\/8212"}],"wp:attachment":[{"href":"https:\/\/newviet.vn\/en\/wp-json\/wp\/v2\/media?parent=8613"}],"wp:term":[{"taxonomy":"product_cat","embeddable":true,"href":"https:\/\/newviet.vn\/en\/wp-json\/wp\/v2\/product_cat?post=8613"},{"taxonomy":"product_tag","embeddable":true,"href":"https:\/\/newviet.vn\/en\/wp-json\/wp\/v2\/product_tag?post=8613"}],"curies":[{"name":"wp","href":"https:\/\/api.w.org\/{rel}","templated":true}]}}