{"id":17798,"date":"2025-01-02T16:20:57","date_gmt":"2025-01-02T09:20:57","guid":{"rendered":"https:\/\/newviet.vn\/san-pham\/ruou-vang-trang-khong-con-vina-xetar\/"},"modified":"2025-08-03T16:15:44","modified_gmt":"2025-08-03T09:15:44","slug":"ruou-vang-trang-khong-con-vina-xetar","status":"publish","type":"product","link":"https:\/\/newviet.vn\/en\/product\/ruou-vang-trang-khong-con-vina-xetar\/","title":{"rendered":"Vi\u00f1a X\u00e9tar Verdejo 0%"},"content":{"rendered":"<p>Vi\u00f1a X\u00e9tar Verdejo 0% is a gently fermented, alcohol-free (0.0%) wine made entirely from Verdejo grapes harvested in 2023. It shines with a clear, pale yellow hue, offering inviting aromas of ripe fruit delicately mingled with subtle floral notes. On the palate, a perfect harmony of sweetness and acidity delivers a refreshing, smooth, and pleasantly light finish.<\/p>\n","protected":false},"excerpt":{"rendered":"<p>Vi\u00f1a X\u00e9tar Verdejo 0% is a gently fermented, alcohol-free (0.0%) wine made entirely from Verdejo grapes harvested in 2023. It shines with a clear, pale yellow hue, offering inviting aromas of ripe fruit delicately mingled with subtle floral notes. On the palate, a perfect harmony of sweetness and acidity delivers a refreshing, smooth, and pleasantly [&hellip;]<\/p>\n","protected":false},"featured_media":17763,"menu_order":0,"comment_status":"closed","ping_status":"closed","template":"","meta":{"_acf_changed":false},"product_cat":[216,700,704],"product_tag":[],"class_list":{"0":"post-17798","1":"product","2":"type-product","3":"status-publish","4":"has-post-thumbnail","6":"product_cat-product","7":"product_cat-beverages","8":"product_cat-white-wine","9":"pa_brand-vina-xetar-en","11":"first","12":"instock","13":"shipping-taxable","14":"purchasable","15":"product-type-variable"},"acf":[],"_links":{"self":[{"href":"https:\/\/newviet.vn\/en\/wp-json\/wp\/v2\/product\/17798","targetHints":{"allow":["GET"]}}],"collection":[{"href":"https:\/\/newviet.vn\/en\/wp-json\/wp\/v2\/product"}],"about":[{"href":"https:\/\/newviet.vn\/en\/wp-json\/wp\/v2\/types\/product"}],"replies":[{"embeddable":true,"href":"https:\/\/newviet.vn\/en\/wp-json\/wp\/v2\/comments?post=17798"}],"wp:featuredmedia":[{"embeddable":true,"href":"https:\/\/newviet.vn\/en\/wp-json\/wp\/v2\/media\/17763"}],"wp:attachment":[{"href":"https:\/\/newviet.vn\/en\/wp-json\/wp\/v2\/media?parent=17798"}],"wp:term":[{"taxonomy":"product_cat","embeddable":true,"href":"https:\/\/newviet.vn\/en\/wp-json\/wp\/v2\/product_cat?post=17798"},{"taxonomy":"product_tag","embeddable":true,"href":"https:\/\/newviet.vn\/en\/wp-json\/wp\/v2\/product_tag?post=17798"}],"curies":[{"name":"wp","href":"https:\/\/api.w.org\/{rel}","templated":true}]}}